{"id":1490,"date":"2025-08-10T23:33:33","date_gmt":"2025-08-10T23:33:33","guid":{"rendered":"https:\/\/www.mutedplatform.org\/gf\/"},"modified":"2025-08-10T23:33:33","modified_gmt":"2025-08-10T23:33:33","slug":"gf","status":"publish","type":"page","link":"https:\/\/www.mutedplatform.org\/tr\/gf\/","title":{"rendered":"GF"},"content":{"rendered":"<div class=\"hp-pf-grid\" data-trailer-meta=\"hp_trailer\">                <article class=\"hp-card\" data-trailer=\"https:\/\/www.youtube.com\/watch?v=QULWdryZGHc\" data-link=\"https:\/\/www.mutedplatform.org\/tr\/kulyas-2-zikr-i-ayin\/\">\n                    <div class=\"hp-thumb-wrap\">\n                        <img decoding=\"async\" src=\"https:\/\/www.mutedplatform.org\/wp-content\/uploads\/2025\/08\/Pham-Doan-trang-TR-724x1024.png\" alt=\"\u00d6ZG\u00dcRL\u00dc\u011e\u00dcN TUTSA\u011eI\" loading=\"lazy\" \/>\n                        <button class=\"hp-pf-play\" aria-label=\"\u0130zleme se\u00e7enekleri\" type=\"button\">\n                            <span class=\"hp-pf-icon\" aria-hidden=\"true\"><\/span>\n                        <\/button>\n                        <a class=\"hp-pf-overlay-link\" href=\"https:\/\/www.mutedplatform.org\/tr\/kulyas-2-zikr-i-ayin\/\" aria-label=\"\u00d6ZG\u00dcRL\u00dc\u011e\u00dcN TUTSA\u011eI\"><\/a>\n                        <h3 class=\"hp-card-title\">\u00d6ZG\u00dcRL\u00dc\u011e\u00dcN TUTSA\u011eI<\/h3>\n                    <\/div>\n                <\/article>\n                                <article class=\"hp-card\" data-trailer=\"\" data-link=\"https:\/\/www.mutedplatform.org\/tr\/herkes-ozgur-olana-dek\/\">\n                    <div class=\"hp-thumb-wrap\">\n                        <img decoding=\"async\" src=\"https:\/\/www.mutedplatform.org\/wp-content\/uploads\/2025\/08\/Mahrang-Doc-Poster-TR-724x1024.png\" alt=\"HERKES \u00d6ZG\u00dcR OLANA DEK\" loading=\"lazy\" \/>\n                        <button class=\"hp-pf-play\" aria-label=\"\u0130zleme se\u00e7enekleri\" type=\"button\">\n                            <span class=\"hp-pf-icon\" aria-hidden=\"true\"><\/span>\n                        <\/button>\n                        <a class=\"hp-pf-overlay-link\" href=\"https:\/\/www.mutedplatform.org\/tr\/herkes-ozgur-olana-dek\/\" aria-label=\"HERKES \u00d6ZG\u00dcR OLANA DEK\"><\/a>\n                        <h3 class=\"hp-card-title\">HERKES \u00d6ZG\u00dcR OLANA DEK<\/h3>\n                    <\/div>\n                <\/article>\n                                <article class=\"hp-card\" data-trailer=\"\" data-link=\"https:\/\/www.mutedplatform.org\/tr\/cigdem\/\">\n                    <div class=\"hp-thumb-wrap\">\n                        <img decoding=\"async\" src=\"https:\/\/www.mutedplatform.org\/wp-content\/uploads\/2025\/08\/WhatsApp-Image-2025-08-07-at-16.41.21-676x1024.jpeg\" alt=\"\u00c7\u0130\u011eDEM\" loading=\"lazy\" \/>\n                        <button class=\"hp-pf-play\" aria-label=\"\u0130zleme se\u00e7enekleri\" type=\"button\">\n                            <span class=\"hp-pf-icon\" aria-hidden=\"true\"><\/span>\n                        <\/button>\n                        <a class=\"hp-pf-overlay-link\" href=\"https:\/\/www.mutedplatform.org\/tr\/cigdem\/\" aria-label=\"\u00c7\u0130\u011eDEM\"><\/a>\n                        <h3 class=\"hp-card-title\">\u00c7\u0130\u011eDEM<\/h3>\n                    <\/div>\n                <\/article>\n                                <article class=\"hp-card\" data-trailer=\"\" data-link=\"https:\/\/www.mutedplatform.org\/tr\/kayip-detaylar\/\">\n                    <div class=\"hp-thumb-wrap\">\n                        <img decoding=\"async\" src=\"https:\/\/www.mutedplatform.org\/wp-content\/uploads\/2025\/08\/Sinirlarin-Sessizligi-TR-683x1024.png\" alt=\"SINIRLARIN SESSIZLI\u011eI\" loading=\"lazy\" \/>\n                        <button class=\"hp-pf-play\" aria-label=\"\u0130zleme se\u00e7enekleri\" type=\"button\">\n                            <span class=\"hp-pf-icon\" aria-hidden=\"true\"><\/span>\n                        <\/button>\n                        <a class=\"hp-pf-overlay-link\" href=\"https:\/\/www.mutedplatform.org\/tr\/kayip-detaylar\/\" aria-label=\"SINIRLARIN SESSIZLI\u011eI\"><\/a>\n                        <h3 class=\"hp-card-title\">SINIRLARIN SESSIZLI\u011eI<\/h3>\n                    <\/div>\n                <\/article>\n                <\/div><div class=\"hp-pf-modal\" role=\"dialog\" aria-modal=\"true\" aria-label=\"\u0130zleme\">\n                <div class=\"hp-pf-dialog\">\n                    <button class=\"hp-pf-close\" aria-label=\"Kapat\">&#215;<\/button>\n                    <div class=\"hp-pf-choice\">\n                        <h3 class=\"hp-pf-choice-title\">Ne yapmak istersiniz?<\/h3>\n                        <div class=\"hp-pf-actions\">\n                            <button class=\"hp-pf-action hp-pf-watch-trailer\" type=\"button\">Fragman\u0131 izle<\/button>\n                            <a class=\"hp-pf-action hp-pf-watch-film\" href=\"#\" rel=\"nofollow\">Belgeseli \u0130zle<\/a>\n                        <\/div>\n                    <\/div>\n                    <div class=\"hp-pf-frame-wrap\" style=\"display:none\"><\/div>\n                <\/div>\n              <\/div><div class=\"hp-pf-daily\" role=\"dialog\" aria-modal=\"true\" aria-label=\"G\u00fcn\u00fcn Belgeseli\">\n                <div class=\"hp-pf-daily-dialog\">\n                    <button class=\"hp-pf-daily-close\" aria-label=\"Kapat\">&#215;<\/button>\n                    <div class=\"hp-pf-daily-media\">\n                        <img decoding=\"async\" src=\"https:\/\/www.mutedplatform.org\/wp-content\/uploads\/2025\/08\/Pham-Doan-trang-TR-724x1024.png\" alt=\"\u00d6ZG\u00dcRL\u00dc\u011e\u00dcN TUTSA\u011eI\" loading=\"lazy\" \/>\n                    <\/div>\n                    <div class=\"hp-pf-daily-body\">\n                        <div class=\"hp-pf-daily-kicker\">G\u00fcn\u00fcn Belgeseli<\/div>\n                        <h3 class=\"hp-pf-daily-title\">\u00d6ZG\u00dcRL\u00dc\u011e\u00dcN TUTSA\u011eI<\/h3>\n                        \n                        <div class=\"hp-pf-daily-actions\">\n                            <a class=\"hp-pf-daily-watch\" href=\"https:\/\/www.mutedplatform.org\/tr\/kulyas-2-zikr-i-ayin\/\">\u0130zle<\/a>\n                            <button class=\"hp-pf-daily-close-2\" type=\"button\">Kapat<\/button>\n                        <\/div>\n                    <\/div>\n                <\/div>\n              <\/div><script type=\"application\/json\" class=\"hp-pf-daily-data\">{\"title\":\"\\u00d6ZG\\u00dcRL\\u00dc\\u011e\\u00dcN TUTSA\\u011eI\",\"link\":\"https:\\\/\\\/www.mutedplatform.org\\\/tr\\\/kulyas-2-zikr-i-ayin\\\/\",\"thumb\":\"https:\\\/\\\/www.mutedplatform.org\\\/wp-content\\\/uploads\\\/2025\\\/08\\\/Pham-Doan-trang-TR-724x1024.png\",\"excerpt\":\"\",\"today\":\"20260419\",\"storage\":\"session\"}<\/script>\n","protected":false},"excerpt":{"rendered":"","protected":false},"author":1,"featured_media":0,"parent":0,"menu_order":0,"comment_status":"closed","ping_status":"closed","template":"","meta":{"site-sidebar-layout":"default","site-content-layout":"","ast-site-content-layout":"default","site-content-style":"default","site-sidebar-style":"default","ast-global-header-display":"","ast-banner-title-visibility":"","ast-main-header-display":"","ast-hfb-above-header-display":"","ast-hfb-below-header-display":"","ast-hfb-mobile-header-display":"","site-post-title":"","ast-breadcrumbs-content":"","ast-featured-img":"","footer-sml-layout":"","theme-transparent-header-meta":"default","adv-header-id-meta":"","stick-header-meta":"","header-above-stick-meta":"","header-main-stick-meta":"","header-below-stick-meta":"","astra-migrate-meta-layouts":"default","ast-page-background-enabled":"default","ast-page-background-meta":{"desktop":{"background-color":"var(--ast-global-color-5)","background-image":"","background-repeat":"repeat","background-position":"center center","background-size":"auto","background-attachment":"scroll","background-type":"","background-media":"","overlay-type":"","overlay-color":"","overlay-opacity":"","overlay-gradient":""},"tablet":{"background-color":"","background-image":"","background-repeat":"repeat","background-position":"center center","background-size":"auto","background-attachment":"scroll","background-type":"","background-media":"","overlay-type":"","overlay-color":"","overlay-opacity":"","overlay-gradient":""},"mobile":{"background-color":"","background-image":"","background-repeat":"repeat","background-position":"center center","background-size":"auto","background-attachment":"scroll","background-type":"","background-media":"","overlay-type":"","overlay-color":"","overlay-opacity":"","overlay-gradient":""}},"ast-content-background-meta":{"desktop":{"background-color":"var(--ast-global-color-4)","background-image":"","background-repeat":"repeat","background-position":"center center","background-size":"auto","background-attachment":"scroll","background-type":"","background-media":"","overlay-type":"","overlay-color":"","overlay-opacity":"","overlay-gradient":""},"tablet":{"background-color":"var(--ast-global-color-4)","background-image":"","background-repeat":"repeat","background-position":"center center","background-size":"auto","background-attachment":"scroll","background-type":"","background-media":"","overlay-type":"","overlay-color":"","overlay-opacity":"","overlay-gradient":""},"mobile":{"background-color":"var(--ast-global-color-4)","background-image":"","background-repeat":"repeat","background-position":"center center","background-size":"auto","background-attachment":"scroll","background-type":"","background-media":"","overlay-type":"","overlay-color":"","overlay-opacity":"","overlay-gradient":""}},"footnotes":""},"class_list":["post-1490","page","type-page","status-publish","hentry"],"_links":{"self":[{"href":"https:\/\/www.mutedplatform.org\/tr\/wp-json\/wp\/v2\/pages\/1490","targetHints":{"allow":["GET"]}}],"collection":[{"href":"https:\/\/www.mutedplatform.org\/tr\/wp-json\/wp\/v2\/pages"}],"about":[{"href":"https:\/\/www.mutedplatform.org\/tr\/wp-json\/wp\/v2\/types\/page"}],"author":[{"embeddable":true,"href":"https:\/\/www.mutedplatform.org\/tr\/wp-json\/wp\/v2\/users\/1"}],"replies":[{"embeddable":true,"href":"https:\/\/www.mutedplatform.org\/tr\/wp-json\/wp\/v2\/comments?post=1490"}],"version-history":[{"count":0,"href":"https:\/\/www.mutedplatform.org\/tr\/wp-json\/wp\/v2\/pages\/1490\/revisions"}],"wp:attachment":[{"href":"https:\/\/www.mutedplatform.org\/tr\/wp-json\/wp\/v2\/media?parent=1490"}],"curies":[{"name":"wp","href":"https:\/\/api.w.org\/{rel}","templated":true}]}}