{"id":592,"date":"2025-08-03T08:35:13","date_gmt":"2025-08-03T08:35:13","guid":{"rendered":"https:\/\/www.mutedplatform.org\/hakkimizda\/"},"modified":"2025-08-06T22:02:48","modified_gmt":"2025-08-06T22:02:48","slug":"hakkimizda","status":"publish","type":"page","link":"https:\/\/www.mutedplatform.org\/tr\/hakkimizda\/","title":{"rendered":"Hakk\u0131m\u0131zda"},"content":{"rendered":"\t\t<div data-elementor-type=\"wp-page\" data-elementor-id=\"592\" class=\"elementor elementor-592 elementor-302\" data-elementor-post-type=\"page\">\n\t\t\t\t<div class=\"elementor-element elementor-element-a3c6f5d e-flex e-con-boxed e-con e-parent\" data-id=\"a3c6f5d\" data-element_type=\"container\" data-e-type=\"container\">\n\t\t\t\t\t<div class=\"e-con-inner\">\n\t\t\t\t<div class=\"elementor-element elementor-element-8f1d5cd elementor-widget elementor-widget-spacer\" data-id=\"8f1d5cd\" data-element_type=\"widget\" data-e-type=\"widget\" data-widget_type=\"spacer.default\">\n\t\t\t\t\t\t\t<div class=\"elementor-spacer\">\n\t\t\t<div class=\"elementor-spacer-inner\"><\/div>\n\t\t<\/div>\n\t\t\t\t\t\t<\/div>\n\t\t\t\t\t<\/div>\n\t\t\t\t<\/div>\n\t\t<div class=\"elementor-element elementor-element-dc371b3 e-flex e-con-boxed e-con e-parent\" data-id=\"dc371b3\" data-element_type=\"container\" data-e-type=\"container\">\n\t\t\t\t\t<div class=\"e-con-inner\">\n\t\t\t\t<div class=\"elementor-element elementor-element-dde80da elementor-widget elementor-widget-heading\" data-id=\"dde80da\" data-element_type=\"widget\" data-e-type=\"widget\" data-widget_type=\"heading.default\">\n\t\t\t\t\t<h2 class=\"elementor-heading-title elementor-size-default\">Hakk\u0131m\u0131zda ?<\/h2>\t\t\t\t<\/div>\n\t\t\t\t\t<\/div>\n\t\t\t\t<\/div>\n\t\t<div class=\"elementor-element elementor-element-188027b e-flex e-con-boxed e-con e-parent\" data-id=\"188027b\" data-element_type=\"container\" data-e-type=\"container\">\n\t\t\t\t\t<div class=\"e-con-inner\">\n\t\t\t\t<div class=\"elementor-element elementor-element-7b17b7d elementor-widget elementor-widget-text-editor\" data-id=\"7b17b7d\" data-element_type=\"widget\" data-e-type=\"widget\" data-widget_type=\"text-editor.default\">\n\t\t\t\t\t\t\t\t\t<h3 data-start=\"132\" data-end=\"168\"><strong data-start=\"136\" data-end=\"166\">1. Muted platform nedir?<\/strong><\/h3><p data-start=\"169\" data-end=\"412\">Muted Platform, sesi bast\u0131r\u0131lm\u0131\u015f bireylerin ve topluluklar\u0131n hik\u00e2yelerini g\u00f6r\u00fcn\u00fcr k\u0131lmay\u0131 ama\u00e7layan, insan haklar\u0131 odakl\u0131 ba\u011f\u0131ms\u0131z bir medya ve belgesel platformudur. Kat\u0131l\u0131mc\u0131 yap\u0131s\u0131yla hak temelli i\u00e7erik \u00fcretimini destekler. <\/p><hr data-start=\"414\" data-end=\"417\"><h3 data-start=\"419\" data-end=\"467\"><strong data-start=\"423\" data-end=\"465\">2. Kimler kat\u0131labilir \/ i\u00e7erik payla\u015fabilir?<\/strong><\/h3><p data-start=\"468\" data-end=\"764\">Belgeseller ile insan haklar\u0131n\u0131 savunan, insan haklar\u0131 sinemas\u0131na dair i\u00e7erik \u00fcreten herkes platforma katk\u0131da bulunabilir.<br data-start=\"610\" data-end=\"613\">Akademisyenler, ba\u011f\u0131ms\u0131z belgeselciler, aktivistler, hak savunucular\u0131 ve bu alanda i\u00e7erik \u00fcretmek isteyen herkes i\u00e7in Muted Platform a\u00e7\u0131kt\u0131r.<\/p><hr data-start=\"766\" data-end=\"769\"><h3 data-start=\"771\" data-end=\"819\"><strong data-start=\"775\" data-end=\"817\">3. \u0130\u00e7erik t\u00fcrleri neler olabilir?<\/strong><\/h3><p data-start=\"820\" data-end=\"1056\">Muted Platform\u2019da odak noktas\u0131 insan haklar\u0131 temelli belgesel i\u00e7eriklerdir.<br data-start=\"885\" data-end=\"888\">Video-belgeseller, k\u0131sa belgesel serileri, r\u00f6portajlar, yaz\u0131l\u0131 analizler, ara\u015ft\u0131rma dosyalar\u0131, afi\u015fler ve destekleyici multimedya i\u00e7erikleri platformda yer alabilir.<\/p><hr data-start=\"1058\" data-end=\"1061\"><h3 data-start=\"1063\" data-end=\"1100\"><strong data-start=\"1067\" data-end=\"1098\">4. \u0130\u00e7erikler nas\u0131l denetleniyor?<\/strong><\/h3><p data-start=\"1101\" data-end=\"1331\">Platform, ifade \u00f6zg\u00fcrl\u00fc\u011f\u00fcn\u00fc esas al\u0131rken; nefret s\u00f6ylemi, ayr\u0131mc\u0131l\u0131k, \u015fiddet \u00e7a\u011fr\u0131s\u0131 i\u00e7eren payla\u015f\u0131mlara yer vermez. T\u00fcm i\u00e7erikler, insan haklar\u0131 ve etik yay\u0131n ilkeleri do\u011frultusunda de\u011ferlendirilir.<\/p><hr data-start=\"1333\" data-end=\"1336\"><h3 data-start=\"1338\" data-end=\"1383\"><strong data-start=\"1342\" data-end=\"1381\">5. Anonim i\u00e7erik payla\u015fabilir miyim?<\/strong><\/h3><p data-start=\"1384\" data-end=\"1477\">Evet. G\u00fcvenli\u011finiz ve ifade \u00f6zg\u00fcrl\u00fc\u011f\u00fcn\u00fcz i\u00e7in anonim i\u00e7erik payla\u015f\u0131m\u0131 desteklenmektedir. <\/p><hr data-start=\"1479\" data-end=\"1482\"><h3 data-start=\"1484\" data-end=\"1520\"><strong data-start=\"1488\" data-end=\"1518\">6. Muted platform \u00fccretli mi?<\/strong><\/h3><p data-start=\"1521\" data-end=\"1777\">Muted Platform, daha fazla insan haklar\u0131 belgeselini sizlere ula\u015ft\u0131rmak ve ba\u011f\u0131ms\u0131zl\u0131\u011f\u0131n\u0131 s\u00fcrd\u00fcrebilmek ad\u0131na \u00fcyelik sistemiyle \u00e7al\u0131\u015fmaktad\u0131r.<br data-start=\"1651\" data-end=\"1654\">\u00dcyelik gelirleri tamamen i\u00e7erik \u00fcretimi, teknik altyap\u0131 ve ba\u011f\u0131ms\u0131z kalma amac\u0131yla kullan\u0131lmaktad\u0131r.<\/p><hr data-start=\"1779\" data-end=\"1782\"><h3 data-start=\"1784\" data-end=\"1830\"><strong data-start=\"1788\" data-end=\"1828\">7. \u0130\u00e7eriklerimi ba\u015fka yerlerde payla\u015fabilir miyim?<\/strong><\/h3><p data-start=\"1831\" data-end=\"2120\">Platformda payla\u015f\u0131lan i\u00e7erikler, belirlenen s\u00fcre boyunca yaln\u0131zca Muted Platform\u2019da yay\u0131mlanabilir.<br data-start=\"1925\" data-end=\"1928\">Bu s\u00fcrenin sonunda i\u00e7erik \u00fcreticisi, \u00e7al\u0131\u015fmas\u0131n\u0131 ba\u015fka mecralarda da payla\u015fmakta serbesttir. Telif ve yay\u0131n s\u00fcresiyle ilgili detaylar i\u00e7erik sahibine \u00f6zel olarak iletilir.<\/p><hr data-start=\"2122\" data-end=\"2125\"><h3 data-start=\"2127\" data-end=\"2165\"><strong data-start=\"2131\" data-end=\"2163\">8. Muted platform g\u00fcvenli mi?<\/strong><\/h3><p data-start=\"2166\" data-end=\"2319\">Evet. Verileriniz \u015fifrelenerek saklan\u0131r ve \u00fc\u00e7\u00fcnc\u00fc taraflarla payla\u015f\u0131lmaz. Kimli\u011finiz ve katk\u0131lar\u0131n\u0131z g\u00fcvenlik politikam\u0131z kapsam\u0131nda korunur. <\/p><hr data-start=\"2321\" data-end=\"2324\"><h3 data-start=\"2326\" data-end=\"2387\"><strong data-start=\"2330\" data-end=\"2385\">9. Destek olmak veya katk\u0131 sunmak istiyorum, ne yapabilirim?<\/strong><\/h3><p data-start=\"2388\" data-end=\"2570\">Belgesel \u00e7al\u0131\u015fman\u0131z\u0131 platformumuzda yay\u0131nlamak \u00fczere bizlerle ileti\u015fime ge\u00e7ebilirsiniz.<br data-start=\"2456\" data-end=\"2459\">Ayr\u0131ca abone olarak platformun s\u00fcrd\u00fcr\u00fclebilirli\u011fine katk\u0131 sa\u011flayabilir, daha fazla insana ula\u015fmam\u0131za destek olabilirsiniz.<\/p><hr data-start=\"2572\" data-end=\"2575\"><h3 data-start=\"2577\" data-end=\"2629\"><strong data-start=\"2581\" data-end=\"2627\">10. Muted ne demek? Platformun ad\u0131 neden bu?<\/strong><\/h3><p data-start=\"2630\" data-end=\"2768\">\u201cMuted\u201d, \u0130ngilizce\u2019de \u201csessize al\u0131nm\u0131\u015f\u201d anlam\u0131na gelir. Bu platform, sesi duyulmayanlar\u0131 g\u00f6r\u00fcn\u00fcr k\u0131lmak ve bast\u0131r\u0131lan hik\u00e2yelere alan a\u00e7mak i\u00e7in kurulmu\u015ftur.<\/p><hr data-start=\"2770\" data-end=\"2773\">\t\t\t\t\t\t\t\t<\/div>\n\t\t\t\t\t<\/div>\n\t\t\t\t<\/div>\n\t\t\t\t<\/div>\n\t\t","protected":false},"excerpt":{"rendered":"<p>Hakk\u0131m\u0131zda ? 1. Muted platform nedir? Muted Platform, sesi bast\u0131r\u0131lm\u0131\u015f bireylerin ve topluluklar\u0131n hik\u00e2yelerini g\u00f6r\u00fcn\u00fcr k\u0131lmay\u0131 ama\u00e7layan, insan haklar\u0131 odakl\u0131 [&hellip;]<\/p>\n","protected":false},"author":1,"featured_media":0,"parent":0,"menu_order":0,"comment_status":"closed","ping_status":"closed","template":"","meta":{"site-sidebar-layout":"no-sidebar","site-content-layout":"","ast-site-content-layout":"full-width-container","site-content-style":"default","site-sidebar-style":"default","ast-global-header-display":"","ast-banner-title-visibility":"","ast-main-header-display":"","ast-hfb-above-header-display":"","ast-hfb-below-header-display":"","ast-hfb-mobile-header-display":"","site-post-title":"disabled","ast-breadcrumbs-content":"","ast-featured-img":"disabled","footer-sml-layout":"","theme-transparent-header-meta":"","adv-header-id-meta":"","stick-header-meta":"","header-above-stick-meta":"","header-main-stick-meta":"","header-below-stick-meta":"","astra-migrate-meta-layouts":"default","ast-page-background-enabled":"default","ast-page-background-meta":{"desktop":{"background-color":"var(--ast-global-color-5)","background-image":"","background-repeat":"repeat","background-position":"center center","background-size":"auto","background-attachment":"scroll","background-type":"","background-media":"","overlay-type":"","overlay-color":"","overlay-opacity":"","overlay-gradient":""},"tablet":{"background-color":"","background-image":"","background-repeat":"repeat","background-position":"center center","background-size":"auto","background-attachment":"scroll","background-type":"","background-media":"","overlay-type":"","overlay-color":"","overlay-opacity":"","overlay-gradient":""},"mobile":{"background-color":"","background-image":"","background-repeat":"repeat","background-position":"center center","background-size":"auto","background-attachment":"scroll","background-type":"","background-media":"","overlay-type":"","overlay-color":"","overlay-opacity":"","overlay-gradient":""}},"ast-content-background-meta":{"desktop":{"background-color":"var(--ast-global-color-4)","background-image":"","background-repeat":"repeat","background-position":"center center","background-size":"auto","background-attachment":"scroll","background-type":"","background-media":"","overlay-type":"","overlay-color":"","overlay-opacity":"","overlay-gradient":""},"tablet":{"background-color":"var(--ast-global-color-4)","background-image":"","background-repeat":"repeat","background-position":"center center","background-size":"auto","background-attachment":"scroll","background-type":"","background-media":"","overlay-type":"","overlay-color":"","overlay-opacity":"","overlay-gradient":""},"mobile":{"background-color":"var(--ast-global-color-4)","background-image":"","background-repeat":"repeat","background-position":"center center","background-size":"auto","background-attachment":"scroll","background-type":"","background-media":"","overlay-type":"","overlay-color":"","overlay-opacity":"","overlay-gradient":""}},"footnotes":""},"class_list":["post-592","page","type-page","status-publish","hentry"],"_links":{"self":[{"href":"https:\/\/www.mutedplatform.org\/tr\/wp-json\/wp\/v2\/pages\/592","targetHints":{"allow":["GET"]}}],"collection":[{"href":"https:\/\/www.mutedplatform.org\/tr\/wp-json\/wp\/v2\/pages"}],"about":[{"href":"https:\/\/www.mutedplatform.org\/tr\/wp-json\/wp\/v2\/types\/page"}],"author":[{"embeddable":true,"href":"https:\/\/www.mutedplatform.org\/tr\/wp-json\/wp\/v2\/users\/1"}],"replies":[{"embeddable":true,"href":"https:\/\/www.mutedplatform.org\/tr\/wp-json\/wp\/v2\/comments?post=592"}],"version-history":[{"count":1,"href":"https:\/\/www.mutedplatform.org\/tr\/wp-json\/wp\/v2\/pages\/592\/revisions"}],"predecessor-version":[{"id":593,"href":"https:\/\/www.mutedplatform.org\/tr\/wp-json\/wp\/v2\/pages\/592\/revisions\/593"}],"wp:attachment":[{"href":"https:\/\/www.mutedplatform.org\/tr\/wp-json\/wp\/v2\/media?parent=592"}],"curies":[{"name":"wp","href":"https:\/\/api.w.org\/{rel}","templated":true}]}}