{"id":598,"date":"2025-08-05T12:16:30","date_gmt":"2025-08-05T12:16:30","guid":{"rendered":"https:\/\/www.mutedplatform.org\/teslimat-ve-iade-politikasi\/"},"modified":"2025-08-07T07:09:07","modified_gmt":"2025-08-07T07:09:07","slug":"teslimat-ve-iade-politikasi","status":"publish","type":"page","link":"https:\/\/www.mutedplatform.org\/tr\/teslimat-ve-iade-politikasi\/","title":{"rendered":"Teslimat ve iade politikas\u0131"},"content":{"rendered":"\t\t<div data-elementor-type=\"wp-page\" data-elementor-id=\"598\" class=\"elementor elementor-598 elementor-459\" data-elementor-post-type=\"page\">\n\t\t\t\t<div class=\"elementor-element elementor-element-7af6675 e-flex e-con-boxed e-con e-parent\" data-id=\"7af6675\" data-element_type=\"container\" data-e-type=\"container\">\n\t\t\t\t\t<div class=\"e-con-inner\">\n\t\t\t\t<div class=\"elementor-element elementor-element-b6e1d66 elementor-widget elementor-widget-spacer\" data-id=\"b6e1d66\" data-element_type=\"widget\" data-e-type=\"widget\" data-widget_type=\"spacer.default\">\n\t\t\t\t\t\t\t<div class=\"elementor-spacer\">\n\t\t\t<div class=\"elementor-spacer-inner\"><\/div>\n\t\t<\/div>\n\t\t\t\t\t\t<\/div>\n\t\t\t\t<div class=\"elementor-element elementor-element-07a52e9 elementor-widget elementor-widget-heading\" data-id=\"07a52e9\" data-element_type=\"widget\" data-e-type=\"widget\" data-widget_type=\"heading.default\">\n\t\t\t\t\t<h2 class=\"elementor-heading-title elementor-size-default\">Teslimat ve iade politikas\u0131<\/h2>\t\t\t\t<\/div>\n\t\t\t\t<div class=\"elementor-element elementor-element-7e53aed elementor-widget elementor-widget-text-editor\" data-id=\"7e53aed\" data-element_type=\"widget\" data-e-type=\"widget\" data-widget_type=\"text-editor.default\">\n\t\t\t\t\t\t\t\t\t<p data-start=\"423\" data-end=\"457\"><strong data-start=\"423\" data-end=\"442\">Y\u00fcr\u00fcrl\u00fck Tarihi:<\/strong> 5 A\u011fustos 2025<\/p><p data-start=\"459\" data-end=\"674\">MutedPlatform dijital abonelik tabanl\u0131 bir hizmettir. Bu nedenle herhangi bir \u00fcr\u00fcn\u00fcn fiziksel teslimat\u0131 yoktur. Ba\u015far\u0131l\u0131 \u00f6deme sonras\u0131nda kullan\u0131c\u0131lar derhal \u00fcyelik panellerine ve yay\u0131n i\u00e7eriklerine eri\u015fim sa\u011flarlar.  <\/p><h3 data-start=\"676\" data-end=\"698\"><strong data-start=\"680\" data-end=\"698\">Teslimat ko\u015fullar\u0131<\/strong><\/h3><ul data-start=\"699\" data-end=\"865\"><li data-start=\"699\" data-end=\"773\"><p data-start=\"701\" data-end=\"773\">Sat\u0131n alma i\u015flemi tamamland\u0131\u011f\u0131nda hesab\u0131n\u0131z otomatik olarak etkinle\u015ftirilir.<\/p><\/li><li data-start=\"774\" data-end=\"827\"><p data-start=\"776\" data-end=\"827\">Manuel onay veya kurulum gerekmez.<\/p><\/li><li data-start=\"828\" data-end=\"865\"><p data-start=\"830\" data-end=\"865\">\u0130\u00e7eri\u011fe eri\u015fim an\u0131nda ba\u015flar.<\/p><\/li><\/ul><h3 data-start=\"867\" data-end=\"903\"><strong data-start=\"871\" data-end=\"903\">\u0130ade ve iptal politikas\u0131<\/strong><\/h3><ul data-start=\"904\" data-end=\"1172\"><li data-start=\"904\" data-end=\"976\"><p data-start=\"906\" data-end=\"976\"><strong data-start=\"917\" data-end=\"975\">Soru sorulmayan, ko\u015fulsuz 14 g\u00fcnl\u00fck iade politikas\u0131<\/strong> sunuyoruz.<\/p><\/li><li data-start=\"977\" data-end=\"1090\"><p data-start=\"979\" data-end=\"1090\">Abonelik sat\u0131n al\u0131m\u0131n\u0131zdan sonraki 14 g\u00fcn i\u00e7inde <strong data-start=\"1063\" data-end=\"1089\"><a class=\"cursor-pointer\" rel=\"noopener\" data-start=\"1065\" data-end=\"1087\">info@mutedplatform.com<\/a><\/strong> adresine ileti\u015fim kurarak iade talebinde bulunabilirsiniz.<\/p><\/li><li data-start=\"1091\" data-end=\"1172\"><p data-start=\"1093\" data-end=\"1172\">\u0130adeler sat\u0131n alma s\u0131ras\u0131nda kullan\u0131lan ayn\u0131 \u00f6deme y\u00f6ntemi ile i\u015fleme al\u0131nacakt\u0131r.<\/p><\/li><\/ul>\t\t\t\t\t\t\t\t<\/div>\n\t\t\t\t\t<\/div>\n\t\t\t\t<\/div>\n\t\t\t\t<\/div>\n\t\t","protected":false},"excerpt":{"rendered":"<p>Teslimat ve iade politikas\u0131 Y\u00fcr\u00fcrl\u00fck Tarihi: 5 A\u011fustos 2025 MutedPlatform dijital abonelik tabanl\u0131 bir hizmettir. Bu nedenle herhangi bir \u00fcr\u00fcn\u00fcn [&hellip;]<\/p>\n","protected":false},"author":1,"featured_media":0,"parent":0,"menu_order":0,"comment_status":"closed","ping_status":"closed","template":"","meta":{"site-sidebar-layout":"no-sidebar","site-content-layout":"","ast-site-content-layout":"full-width-container","site-content-style":"default","site-sidebar-style":"default","ast-global-header-display":"","ast-banner-title-visibility":"","ast-main-header-display":"","ast-hfb-above-header-display":"","ast-hfb-below-header-display":"","ast-hfb-mobile-header-display":"","site-post-title":"disabled","ast-breadcrumbs-content":"","ast-featured-img":"disabled","footer-sml-layout":"","theme-transparent-header-meta":"","adv-header-id-meta":"","stick-header-meta":"","header-above-stick-meta":"","header-main-stick-meta":"","header-below-stick-meta":"","astra-migrate-meta-layouts":"default","ast-page-background-enabled":"default","ast-page-background-meta":{"desktop":{"background-color":"var(--ast-global-color-5)","background-image":"","background-repeat":"repeat","background-position":"center center","background-size":"auto","background-attachment":"scroll","background-type":"","background-media":"","overlay-type":"","overlay-color":"","overlay-opacity":"","overlay-gradient":""},"tablet":{"background-color":"","background-image":"","background-repeat":"repeat","background-position":"center center","background-size":"auto","background-attachment":"scroll","background-type":"","background-media":"","overlay-type":"","overlay-color":"","overlay-opacity":"","overlay-gradient":""},"mobile":{"background-color":"","background-image":"","background-repeat":"repeat","background-position":"center center","background-size":"auto","background-attachment":"scroll","background-type":"","background-media":"","overlay-type":"","overlay-color":"","overlay-opacity":"","overlay-gradient":""}},"ast-content-background-meta":{"desktop":{"background-color":"var(--ast-global-color-4)","background-image":"","background-repeat":"repeat","background-position":"center center","background-size":"auto","background-attachment":"scroll","background-type":"","background-media":"","overlay-type":"","overlay-color":"","overlay-opacity":"","overlay-gradient":""},"tablet":{"background-color":"var(--ast-global-color-4)","background-image":"","background-repeat":"repeat","background-position":"center center","background-size":"auto","background-attachment":"scroll","background-type":"","background-media":"","overlay-type":"","overlay-color":"","overlay-opacity":"","overlay-gradient":""},"mobile":{"background-color":"var(--ast-global-color-4)","background-image":"","background-repeat":"repeat","background-position":"center center","background-size":"auto","background-attachment":"scroll","background-type":"","background-media":"","overlay-type":"","overlay-color":"","overlay-opacity":"","overlay-gradient":""}},"footnotes":""},"class_list":["post-598","page","type-page","status-publish","hentry"],"_links":{"self":[{"href":"https:\/\/www.mutedplatform.org\/tr\/wp-json\/wp\/v2\/pages\/598","targetHints":{"allow":["GET"]}}],"collection":[{"href":"https:\/\/www.mutedplatform.org\/tr\/wp-json\/wp\/v2\/pages"}],"about":[{"href":"https:\/\/www.mutedplatform.org\/tr\/wp-json\/wp\/v2\/types\/page"}],"author":[{"embeddable":true,"href":"https:\/\/www.mutedplatform.org\/tr\/wp-json\/wp\/v2\/users\/1"}],"replies":[{"embeddable":true,"href":"https:\/\/www.mutedplatform.org\/tr\/wp-json\/wp\/v2\/comments?post=598"}],"version-history":[{"count":1,"href":"https:\/\/www.mutedplatform.org\/tr\/wp-json\/wp\/v2\/pages\/598\/revisions"}],"predecessor-version":[{"id":599,"href":"https:\/\/www.mutedplatform.org\/tr\/wp-json\/wp\/v2\/pages\/598\/revisions\/599"}],"wp:attachment":[{"href":"https:\/\/www.mutedplatform.org\/tr\/wp-json\/wp\/v2\/media?parent=598"}],"curies":[{"name":"wp","href":"https:\/\/api.w.org\/{rel}","templated":true}]}}