{"id":633,"date":"2025-08-05T12:17:37","date_gmt":"2025-08-05T12:17:37","guid":{"rendered":"https:\/\/www.mutedplatform.org\/uzaktan-satis-sozlesmesi-dijital-hizmet-kosullari\/"},"modified":"2025-08-07T09:13:12","modified_gmt":"2025-08-07T09:13:12","slug":"uzaktan-satis-sozlesmesi-dijital-hizmet-kosullari","status":"publish","type":"page","link":"https:\/\/www.mutedplatform.org\/tr\/uzaktan-satis-sozlesmesi-dijital-hizmet-kosullari\/","title":{"rendered":"Uzaktan Sat\u0131\u015f S\u00f6zle\u015fmesi (Dijital Hizmet Ko\u015fullar\u0131)"},"content":{"rendered":"\t\t<div data-elementor-type=\"wp-page\" data-elementor-id=\"633\" class=\"elementor elementor-633 elementor-464\" data-elementor-post-type=\"page\">\n\t\t\t\t<div class=\"elementor-element elementor-element-b9b5bc9 e-flex e-con-boxed e-con e-parent\" data-id=\"b9b5bc9\" data-element_type=\"container\" data-e-type=\"container\">\n\t\t\t\t\t<div class=\"e-con-inner\">\n\t\t\t\t<div class=\"elementor-element elementor-element-ed02603 elementor-widget elementor-widget-spacer\" data-id=\"ed02603\" data-element_type=\"widget\" data-e-type=\"widget\" data-widget_type=\"spacer.default\">\n\t\t\t\t\t\t\t<div class=\"elementor-spacer\">\n\t\t\t<div class=\"elementor-spacer-inner\"><\/div>\n\t\t<\/div>\n\t\t\t\t\t\t<\/div>\n\t\t\t\t<div class=\"elementor-element elementor-element-0479a94 elementor-widget elementor-widget-heading\" data-id=\"0479a94\" data-element_type=\"widget\" data-e-type=\"widget\" data-widget_type=\"heading.default\">\n\t\t\t\t\t<h2 class=\"elementor-heading-title elementor-size-default\">Uzaktan Sat\u0131\u015f S\u00f6zle\u015fmesi (Dijital Hizmet Ko\u015fullar\u0131)<\/h2>\t\t\t\t<\/div>\n\t\t\t\t<div class=\"elementor-element elementor-element-b366d76 elementor-widget elementor-widget-text-editor\" data-id=\"b366d76\" data-element_type=\"widget\" data-e-type=\"widget\" data-widget_type=\"text-editor.default\">\n\t\t\t\t\t\t\t\t\t<p data-start=\"2454\" data-end=\"2546\">Bu s\u00f6zle\u015fme, www.mutedplatform.com arac\u0131l\u0131\u011f\u0131yla sa\u011flanan dijital abonelik hizmetlerini y\u00f6netir.<\/p><h3 data-start=\"2548\" data-end=\"2566\"><strong data-start=\"2552\" data-end=\"2566\">1. Partiler<\/strong><\/h3><p data-start=\"2567\" data-end=\"2680\">Sat\u0131c\u0131 (Servis Sa\u011flay\u0131c\u0131)<br data-start=\"2597\" data-end=\"2600\">MutedPlatform<br data-start=\"2613\" data-end=\"2616\">Email: <a class=\"cursor-pointer\" rel=\"noopener\" data-start=\"2623\" data-end=\"2645\">info@mutedplatform.com<\/a><br data-start=\"2645\" data-end=\"2648\">Website: www.mutedplatform.com<\/p><p data-start=\"2682\" data-end=\"2769\">Al\u0131c\u0131<br data-start=\"2699\" data-end=\"2702\">Web sitesinde dijital \u00fcyelik plan\u0131 sat\u0131n alan herhangi bir ki\u015fi.<\/p><hr data-start=\"2771\" data-end=\"2774\"><h3 data-start=\"2776\" data-end=\"2807\"><strong data-start=\"2780\" data-end=\"2807\">2. SAnla\u015fman\u0131n Konusu<\/strong><\/h3><p data-start=\"2808\" data-end=\"2959\">Bu s\u00f6zle\u015fme, web sitemiz \u00fczerinden dijital i\u00e7erik abonelik hizmetlerinin (ayl\u0131k\/y\u0131ll\u0131k planlar) sat\u0131\u015f\u0131 ile ilgili h\u00fck\u00fcm ve ko\u015fullar\u0131 kapsar.<\/p><hr data-start=\"2961\" data-end=\"2964\"><h3 data-start=\"2966\" data-end=\"2996\"><strong data-start=\"2970\" data-end=\"2996\">3. DHizmetin Teslimi<\/strong><\/h3><ul data-start=\"2997\" data-end=\"3183\"><li data-start=\"2997\" data-end=\"3067\"><p data-start=\"2999\" data-end=\"3067\">Kullan\u0131c\u0131lar \u00f6deme yap\u0131ld\u0131ktan hemen sonra \u00fcyelik paneline eri\u015febilir.<\/p><\/li><li data-start=\"3068\" data-end=\"3152\"><p data-start=\"3070\" data-end=\"3152\">The platform includes access to digital films, documentaries, and related content.<\/p><\/li><li data-start=\"3153\" data-end=\"3183\"><p data-start=\"3155\" data-end=\"3183\">Fiziksel g\u00f6nderim ger\u00e7ekle\u015fmez.<\/p><\/li><\/ul><hr data-start=\"3185\" data-end=\"3188\"><h3 data-start=\"3190\" data-end=\"3220\"><strong data-start=\"3194\" data-end=\"3220\">4. Cayma Hakk\u0131<\/strong><\/h3><ul data-start=\"3221\" data-end=\"3435\"><li data-start=\"3221\" data-end=\"3291\"><p data-start=\"3223\" data-end=\"3291\">Kullan\u0131c\u0131lar 14 g\u00fcnl\u00fck ko\u015fulsuz iptal hakk\u0131na sahiptir.<\/p><\/li><li data-start=\"3292\" data-end=\"3353\"><p data-start=\"3294\" data-end=\"3353\">Geri \u00f6deme talepleri info@mutedplatform.com<\/p><\/li><li data-start=\"3354\" data-end=\"3435\"><p data-start=\"3356\" data-end=\"3435\">Talep uygunsa, 14 i\u015f g\u00fcn\u00fc i\u00e7inde tam geri \u00f6deme yap\u0131lacakt\u0131r.<\/p><\/li><\/ul><hr data-start=\"3437\" data-end=\"3440\"><h3 data-start=\"3442\" data-end=\"3469\"><strong data-start=\"3446\" data-end=\"3469\">5. Sorumluluklar<\/strong><\/h3><ul data-start=\"3470\" data-end=\"3682\"><li data-start=\"3470\" data-end=\"3563\"><p data-start=\"3472\" data-end=\"3563\">MutedPlatform, platformu eri\u015filebilir ve i\u00e7eri\u011fi kullan\u0131labilir tutmaktan sorumludur.<\/p><\/li><li data-start=\"3564\" data-end=\"3682\"><p data-start=\"3566\" data-end=\"3682\">Al\u0131c\u0131, hesab\u0131 yaln\u0131zca ki\u015fisel kullan\u0131m i\u00e7in kullanmay\u0131 kabul eder ve oturum a\u00e7ma kimlik bilgilerini ba\u015fkalar\u0131yla payla\u015famaz.<\/p><\/li><\/ul><hr data-start=\"3684\" data-end=\"3687\"><h3 data-start=\"3689\" data-end=\"3712\"><strong data-start=\"3693\" data-end=\"3712\">6. Yasal yetki<\/strong><\/h3><p data-start=\"3713\" data-end=\"3871\">Herhangi bir anla\u015fmazl\u0131k T\u00fcrkiye Cumhuriyeti yasalar\u0131na tabi olacak ve varsa t\u00fcketici mahkemeleri veya t\u00fcketici tahkim komiteleri taraf\u0131ndan ele al\u0131nacakt\u0131r.<\/p><hr data-start=\"3873\" data-end=\"3876\"><h3 data-start=\"3878\" data-end=\"3899\"><strong data-start=\"3882\" data-end=\"3899\">7. Kabul<\/strong><\/h3><p data-start=\"3900\" data-end=\"3982\">Sat\u0131n alma i\u015flemini tamamlayarak, al\u0131c\u0131 bu belgede belirtilen t\u00fcm \u015fartlar\u0131 kabul eder.<\/p>\t\t\t\t\t\t\t\t<\/div>\n\t\t\t\t\t<\/div>\n\t\t\t\t<\/div>\n\t\t\t\t<\/div>\n\t\t","protected":false},"excerpt":{"rendered":"<p>Uzaktan Sat\u0131\u015f S\u00f6zle\u015fmesi (Dijital Hizmet Ko\u015fullar\u0131) Bu s\u00f6zle\u015fme, www.mutedplatform.com arac\u0131l\u0131\u011f\u0131yla sa\u011flanan dijital abonelik hizmetlerini y\u00f6netir. 1. Partiler Sat\u0131c\u0131 (Servis Sa\u011flay\u0131c\u0131)MutedPlatformEmail: [&hellip;]<\/p>\n","protected":false},"author":1,"featured_media":0,"parent":0,"menu_order":0,"comment_status":"closed","ping_status":"closed","template":"","meta":{"site-sidebar-layout":"no-sidebar","site-content-layout":"","ast-site-content-layout":"full-width-container","site-content-style":"default","site-sidebar-style":"default","ast-global-header-display":"","ast-banner-title-visibility":"","ast-main-header-display":"","ast-hfb-above-header-display":"","ast-hfb-below-header-display":"","ast-hfb-mobile-header-display":"","site-post-title":"disabled","ast-breadcrumbs-content":"","ast-featured-img":"disabled","footer-sml-layout":"","theme-transparent-header-meta":"","adv-header-id-meta":"","stick-header-meta":"","header-above-stick-meta":"","header-main-stick-meta":"","header-below-stick-meta":"","astra-migrate-meta-layouts":"default","ast-page-background-enabled":"default","ast-page-background-meta":{"desktop":{"background-color":"var(--ast-global-color-5)","background-image":"","background-repeat":"repeat","background-position":"center center","background-size":"auto","background-attachment":"scroll","background-type":"","background-media":"","overlay-type":"","overlay-color":"","overlay-opacity":"","overlay-gradient":""},"tablet":{"background-color":"","background-image":"","background-repeat":"repeat","background-position":"center center","background-size":"auto","background-attachment":"scroll","background-type":"","background-media":"","overlay-type":"","overlay-color":"","overlay-opacity":"","overlay-gradient":""},"mobile":{"background-color":"","background-image":"","background-repeat":"repeat","background-position":"center center","background-size":"auto","background-attachment":"scroll","background-type":"","background-media":"","overlay-type":"","overlay-color":"","overlay-opacity":"","overlay-gradient":""}},"ast-content-background-meta":{"desktop":{"background-color":"var(--ast-global-color-4)","background-image":"","background-repeat":"repeat","background-position":"center center","background-size":"auto","background-attachment":"scroll","background-type":"","background-media":"","overlay-type":"","overlay-color":"","overlay-opacity":"","overlay-gradient":""},"tablet":{"background-color":"var(--ast-global-color-4)","background-image":"","background-repeat":"repeat","background-position":"center center","background-size":"auto","background-attachment":"scroll","background-type":"","background-media":"","overlay-type":"","overlay-color":"","overlay-opacity":"","overlay-gradient":""},"mobile":{"background-color":"var(--ast-global-color-4)","background-image":"","background-repeat":"repeat","background-position":"center center","background-size":"auto","background-attachment":"scroll","background-type":"","background-media":"","overlay-type":"","overlay-color":"","overlay-opacity":"","overlay-gradient":""}},"footnotes":""},"class_list":["post-633","page","type-page","status-publish","hentry"],"_links":{"self":[{"href":"https:\/\/www.mutedplatform.org\/tr\/wp-json\/wp\/v2\/pages\/633","targetHints":{"allow":["GET"]}}],"collection":[{"href":"https:\/\/www.mutedplatform.org\/tr\/wp-json\/wp\/v2\/pages"}],"about":[{"href":"https:\/\/www.mutedplatform.org\/tr\/wp-json\/wp\/v2\/types\/page"}],"author":[{"embeddable":true,"href":"https:\/\/www.mutedplatform.org\/tr\/wp-json\/wp\/v2\/users\/1"}],"replies":[{"embeddable":true,"href":"https:\/\/www.mutedplatform.org\/tr\/wp-json\/wp\/v2\/comments?post=633"}],"version-history":[{"count":1,"href":"https:\/\/www.mutedplatform.org\/tr\/wp-json\/wp\/v2\/pages\/633\/revisions"}],"predecessor-version":[{"id":634,"href":"https:\/\/www.mutedplatform.org\/tr\/wp-json\/wp\/v2\/pages\/633\/revisions\/634"}],"wp:attachment":[{"href":"https:\/\/www.mutedplatform.org\/tr\/wp-json\/wp\/v2\/media?parent=633"}],"curies":[{"name":"wp","href":"https:\/\/api.w.org\/{rel}","templated":true}]}}