{"id":658,"date":"2025-08-03T08:35:13","date_gmt":"2025-08-03T08:35:13","guid":{"rendered":"https:\/\/www.mutedplatform.org\/movies\/"},"modified":"2025-08-11T19:38:32","modified_gmt":"2025-08-11T19:38:32","slug":"movies","status":"publish","type":"page","link":"https:\/\/www.mutedplatform.org\/tr\/movies\/","title":{"rendered":"Filmler"},"content":{"rendered":"\t\t<div data-elementor-type=\"wp-page\" data-elementor-id=\"658\" class=\"elementor elementor-658 elementor-304\" data-elementor-post-type=\"page\">\n\t\t\t\t<div class=\"elementor-element elementor-element-2846b22 e-flex e-con-boxed e-con e-parent\" data-id=\"2846b22\" data-element_type=\"container\" data-e-type=\"container\">\n\t\t\t\t\t<div class=\"e-con-inner\">\n\t\t\t\t<div class=\"elementor-element elementor-element-69d06ec elementor-widget elementor-widget-spacer\" data-id=\"69d06ec\" data-element_type=\"widget\" data-e-type=\"widget\" data-widget_type=\"spacer.default\">\n\t\t\t\t\t\t\t<div class=\"elementor-spacer\">\n\t\t\t<div class=\"elementor-spacer-inner\"><\/div>\n\t\t<\/div>\n\t\t\t\t\t\t<\/div>\n\t\t\t\t<div class=\"elementor-element elementor-element-11c123a elementor-widget elementor-widget-heading\" data-id=\"11c123a\" data-element_type=\"widget\" data-e-type=\"widget\" data-widget_type=\"heading.default\">\n\t\t\t\t\t<h2 class=\"elementor-heading-title elementor-size-default\">Her Film Bir Tan\u0131kl\u0131k<\/h2>\t\t\t\t<\/div>\n\t\t\t\t<div class=\"elementor-element elementor-element-3e68d1c elementor-widget elementor-widget-heading\" data-id=\"3e68d1c\" data-element_type=\"widget\" data-e-type=\"widget\" data-widget_type=\"heading.default\">\n\t\t\t\t\t<h2 class=\"elementor-heading-title elementor-size-default\">Her \u0130zleme Bir Eylem.\n<\/h2>\t\t\t\t<\/div>\n\t\t\t\t\t<\/div>\n\t\t\t\t<\/div>\n\t\t<div class=\"elementor-element elementor-element-58bae69 e-flex e-con-boxed e-con e-parent\" data-id=\"58bae69\" data-element_type=\"container\" data-e-type=\"container\">\n\t\t\t\t\t<div class=\"e-con-inner\">\n\t\t\t\t<div class=\"elementor-element elementor-element-8d06356 elementor-widget elementor-widget-shortcode\" data-id=\"8d06356\" data-element_type=\"widget\" data-e-type=\"widget\" data-widget_type=\"shortcode.default\">\n\t\t\t\t\t\t\t<div class=\"elementor-shortcode\"><div class=\"hp-pf-tabs\" id=\"hpTabs_d8951426-5157-4455-9208-4b05c0940710\" data-trailer-meta=\"hp_trailer\"><div class=\"hp-tabs-bar\" role=\"tablist\" aria-label=\"Koleksiyonlar\"><button class=\"hp-tab is-active\" role=\"tab\" aria-selected=\"true\" aria-controls=\"hpTabs_d8951426-5157-4455-9208-4b05c0940710_en-cok-izlenenler\" data-target=\"hpTabs_d8951426-5157-4455-9208-4b05c0940710_en-cok-izlenenler\">En \u00c7ok \u0130zlenenler<\/button><button class=\"hp-tab\" role=\"tab\" aria-selected=\"false\" aria-controls=\"hpTabs_d8951426-5157-4455-9208-4b05c0940710_goc-adalet\" data-target=\"hpTabs_d8951426-5157-4455-9208-4b05c0940710_goc-adalet\">G\u00f6\u00e7 &amp; Adalet<\/button><button class=\"hp-tab\" role=\"tab\" aria-selected=\"false\" aria-controls=\"hpTabs_d8951426-5157-4455-9208-4b05c0940710_susturulan-sesler-koleksiyonu\" data-target=\"hpTabs_d8951426-5157-4455-9208-4b05c0940710_susturulan-sesler-koleksiyonu\">Susturulan Sesler Koleksiyonu<\/button><button class=\"hp-tab\" role=\"tab\" aria-selected=\"false\" aria-controls=\"hpTabs_d8951426-5157-4455-9208-4b05c0940710_yeni-eklenenler\" data-target=\"hpTabs_d8951426-5157-4455-9208-4b05c0940710_yeni-eklenenler\">Yeni Eklenenler<\/button><\/div><div id=\"hpTabs_d8951426-5157-4455-9208-4b05c0940710_en-cok-izlenenler\" class=\"hp-tab-panel is-active\" role=\"tabpanel\" tabindex=\"0\"><div class=\"hp-pf-grid hp-grid-4\">                    <article class=\"hp-card\" data-trailer=\"\" data-link=\"https:\/\/www.mutedplatform.org\/tr\/cigdem\/\">\n                        <div class=\"hp-thumb-wrap\">\n                            <img decoding=\"async\" src=\"https:\/\/www.mutedplatform.org\/wp-content\/uploads\/2025\/08\/WhatsApp-Image-2025-08-07-at-16.41.21-676x1024.jpeg\" alt=\"\u00c7\u0130\u011eDEM\" loading=\"lazy\" \/>\n                            <button class=\"hp-pf-play\" aria-label=\"\u0130zleme se\u00e7enekleri\" type=\"button\">\n                                <span class=\"hp-pf-icon\" aria-hidden=\"true\"><\/span>\n                            <\/button>\n                            <a class=\"hp-pf-overlay-link\" href=\"https:\/\/www.mutedplatform.org\/tr\/cigdem\/\" aria-label=\"\u00c7\u0130\u011eDEM\"><\/a>\n                            <h3 class=\"hp-card-title\">\u00c7\u0130\u011eDEM<\/h3>\n                        <\/div>\n                    <\/article>\n                                        <article class=\"hp-card\" data-trailer=\"https:\/\/www.youtube.com\/watch?v=QULWdryZGHc\" data-link=\"https:\/\/www.mutedplatform.org\/tr\/kulyas-2-zikr-i-ayin\/\">\n                        <div class=\"hp-thumb-wrap\">\n                            <img decoding=\"async\" src=\"https:\/\/www.mutedplatform.org\/wp-content\/uploads\/2025\/08\/Pham-Doan-trang-TR-724x1024.png\" alt=\"\u00d6ZG\u00dcRL\u00dc\u011e\u00dcN TUTSA\u011eI\" loading=\"lazy\" \/>\n                            <button class=\"hp-pf-play\" aria-label=\"\u0130zleme se\u00e7enekleri\" type=\"button\">\n                                <span class=\"hp-pf-icon\" aria-hidden=\"true\"><\/span>\n                            <\/button>\n                            <a class=\"hp-pf-overlay-link\" href=\"https:\/\/www.mutedplatform.org\/tr\/kulyas-2-zikr-i-ayin\/\" aria-label=\"\u00d6ZG\u00dcRL\u00dc\u011e\u00dcN TUTSA\u011eI\"><\/a>\n                            <h3 class=\"hp-card-title\">\u00d6ZG\u00dcRL\u00dc\u011e\u00dcN TUTSA\u011eI<\/h3>\n                        <\/div>\n                    <\/article>\n                                        <article class=\"hp-card\" data-trailer=\"\" data-link=\"https:\/\/www.mutedplatform.org\/tr\/herkes-ozgur-olana-dek\/\">\n                        <div class=\"hp-thumb-wrap\">\n                            <img decoding=\"async\" src=\"https:\/\/www.mutedplatform.org\/wp-content\/uploads\/2025\/08\/Mahrang-Doc-Poster-TR-724x1024.png\" alt=\"HERKES \u00d6ZG\u00dcR OLANA DEK\" loading=\"lazy\" \/>\n                            <button class=\"hp-pf-play\" aria-label=\"\u0130zleme se\u00e7enekleri\" type=\"button\">\n                                <span class=\"hp-pf-icon\" aria-hidden=\"true\"><\/span>\n                            <\/button>\n                            <a class=\"hp-pf-overlay-link\" href=\"https:\/\/www.mutedplatform.org\/tr\/herkes-ozgur-olana-dek\/\" aria-label=\"HERKES \u00d6ZG\u00dcR OLANA DEK\"><\/a>\n                            <h3 class=\"hp-card-title\">HERKES \u00d6ZG\u00dcR OLANA DEK<\/h3>\n                        <\/div>\n                    <\/article>\n                                        <article class=\"hp-card\" data-trailer=\"\" data-link=\"https:\/\/www.mutedplatform.org\/tr\/kayip-detaylar\/\">\n                        <div class=\"hp-thumb-wrap\">\n                            <img decoding=\"async\" src=\"https:\/\/www.mutedplatform.org\/wp-content\/uploads\/2025\/08\/Sinirlarin-Sessizligi-TR-683x1024.png\" alt=\"SINIRLARIN SESSIZLI\u011eI\" loading=\"lazy\" \/>\n                            <button class=\"hp-pf-play\" aria-label=\"\u0130zleme se\u00e7enekleri\" type=\"button\">\n                                <span class=\"hp-pf-icon\" aria-hidden=\"true\"><\/span>\n                            <\/button>\n                            <a class=\"hp-pf-overlay-link\" href=\"https:\/\/www.mutedplatform.org\/tr\/kayip-detaylar\/\" aria-label=\"SINIRLARIN SESSIZLI\u011eI\"><\/a>\n                            <h3 class=\"hp-card-title\">SINIRLARIN SESSIZLI\u011eI<\/h3>\n                        <\/div>\n                    <\/article>\n                    <\/div><\/div><div id=\"hpTabs_d8951426-5157-4455-9208-4b05c0940710_goc-adalet\" class=\"hp-tab-panel\" role=\"tabpanel\" tabindex=\"0\"><div class=\"hp-pf-grid hp-grid-4\">                    <article class=\"hp-card\" data-trailer=\"https:\/\/www.youtube.com\/watch?v=QULWdryZGHc\" data-link=\"https:\/\/www.mutedplatform.org\/tr\/kulyas-2-zikr-i-ayin\/\">\n                        <div class=\"hp-thumb-wrap\">\n                            <img decoding=\"async\" src=\"https:\/\/www.mutedplatform.org\/wp-content\/uploads\/2025\/08\/Pham-Doan-trang-TR-724x1024.png\" alt=\"\u00d6ZG\u00dcRL\u00dc\u011e\u00dcN TUTSA\u011eI\" loading=\"lazy\" \/>\n                            <button class=\"hp-pf-play\" aria-label=\"\u0130zleme se\u00e7enekleri\" type=\"button\">\n                                <span class=\"hp-pf-icon\" aria-hidden=\"true\"><\/span>\n                            <\/button>\n                            <a class=\"hp-pf-overlay-link\" href=\"https:\/\/www.mutedplatform.org\/tr\/kulyas-2-zikr-i-ayin\/\" aria-label=\"\u00d6ZG\u00dcRL\u00dc\u011e\u00dcN TUTSA\u011eI\"><\/a>\n                            <h3 class=\"hp-card-title\">\u00d6ZG\u00dcRL\u00dc\u011e\u00dcN TUTSA\u011eI<\/h3>\n                        <\/div>\n                    <\/article>\n                                        <article class=\"hp-card\" data-trailer=\"\" data-link=\"https:\/\/www.mutedplatform.org\/tr\/cigdem\/\">\n                        <div class=\"hp-thumb-wrap\">\n                            <img decoding=\"async\" src=\"https:\/\/www.mutedplatform.org\/wp-content\/uploads\/2025\/08\/WhatsApp-Image-2025-08-07-at-16.41.21-676x1024.jpeg\" alt=\"\u00c7\u0130\u011eDEM\" loading=\"lazy\" \/>\n                            <button class=\"hp-pf-play\" aria-label=\"\u0130zleme se\u00e7enekleri\" type=\"button\">\n                                <span class=\"hp-pf-icon\" aria-hidden=\"true\"><\/span>\n                            <\/button>\n                            <a class=\"hp-pf-overlay-link\" href=\"https:\/\/www.mutedplatform.org\/tr\/cigdem\/\" aria-label=\"\u00c7\u0130\u011eDEM\"><\/a>\n                            <h3 class=\"hp-card-title\">\u00c7\u0130\u011eDEM<\/h3>\n                        <\/div>\n                    <\/article>\n                                        <article class=\"hp-card\" data-trailer=\"\" data-link=\"https:\/\/www.mutedplatform.org\/tr\/kayip-detaylar\/\">\n                        <div class=\"hp-thumb-wrap\">\n                            <img decoding=\"async\" src=\"https:\/\/www.mutedplatform.org\/wp-content\/uploads\/2025\/08\/Sinirlarin-Sessizligi-TR-683x1024.png\" alt=\"SINIRLARIN SESSIZLI\u011eI\" loading=\"lazy\" \/>\n                            <button class=\"hp-pf-play\" aria-label=\"\u0130zleme se\u00e7enekleri\" type=\"button\">\n                                <span class=\"hp-pf-icon\" aria-hidden=\"true\"><\/span>\n                            <\/button>\n                            <a class=\"hp-pf-overlay-link\" href=\"https:\/\/www.mutedplatform.org\/tr\/kayip-detaylar\/\" aria-label=\"SINIRLARIN SESSIZLI\u011eI\"><\/a>\n                            <h3 class=\"hp-card-title\">SINIRLARIN SESSIZLI\u011eI<\/h3>\n                        <\/div>\n                    <\/article>\n                                        <article class=\"hp-card\" data-trailer=\"\" data-link=\"https:\/\/www.mutedplatform.org\/tr\/herkes-ozgur-olana-dek\/\">\n                        <div class=\"hp-thumb-wrap\">\n                            <img decoding=\"async\" src=\"https:\/\/www.mutedplatform.org\/wp-content\/uploads\/2025\/08\/Mahrang-Doc-Poster-TR-724x1024.png\" alt=\"HERKES \u00d6ZG\u00dcR OLANA DEK\" loading=\"lazy\" \/>\n                            <button class=\"hp-pf-play\" aria-label=\"\u0130zleme se\u00e7enekleri\" type=\"button\">\n                                <span class=\"hp-pf-icon\" aria-hidden=\"true\"><\/span>\n                            <\/button>\n                            <a class=\"hp-pf-overlay-link\" href=\"https:\/\/www.mutedplatform.org\/tr\/herkes-ozgur-olana-dek\/\" aria-label=\"HERKES \u00d6ZG\u00dcR OLANA DEK\"><\/a>\n                            <h3 class=\"hp-card-title\">HERKES \u00d6ZG\u00dcR OLANA DEK<\/h3>\n                        <\/div>\n                    <\/article>\n                    <\/div><\/div><div id=\"hpTabs_d8951426-5157-4455-9208-4b05c0940710_susturulan-sesler-koleksiyonu\" class=\"hp-tab-panel\" role=\"tabpanel\" tabindex=\"0\"><div class=\"hp-pf-grid hp-grid-4\">                    <article class=\"hp-card\" data-trailer=\"https:\/\/www.youtube.com\/watch?v=QULWdryZGHc\" data-link=\"https:\/\/www.mutedplatform.org\/tr\/kulyas-2-zikr-i-ayin\/\">\n                        <div class=\"hp-thumb-wrap\">\n                            <img decoding=\"async\" src=\"https:\/\/www.mutedplatform.org\/wp-content\/uploads\/2025\/08\/Pham-Doan-trang-TR-724x1024.png\" alt=\"\u00d6ZG\u00dcRL\u00dc\u011e\u00dcN TUTSA\u011eI\" loading=\"lazy\" \/>\n                            <button class=\"hp-pf-play\" aria-label=\"\u0130zleme se\u00e7enekleri\" type=\"button\">\n                                <span class=\"hp-pf-icon\" aria-hidden=\"true\"><\/span>\n                            <\/button>\n                            <a class=\"hp-pf-overlay-link\" href=\"https:\/\/www.mutedplatform.org\/tr\/kulyas-2-zikr-i-ayin\/\" aria-label=\"\u00d6ZG\u00dcRL\u00dc\u011e\u00dcN TUTSA\u011eI\"><\/a>\n                            <h3 class=\"hp-card-title\">\u00d6ZG\u00dcRL\u00dc\u011e\u00dcN TUTSA\u011eI<\/h3>\n                        <\/div>\n                    <\/article>\n                                        <article class=\"hp-card\" data-trailer=\"\" data-link=\"https:\/\/www.mutedplatform.org\/tr\/cigdem\/\">\n                        <div class=\"hp-thumb-wrap\">\n                            <img decoding=\"async\" src=\"https:\/\/www.mutedplatform.org\/wp-content\/uploads\/2025\/08\/WhatsApp-Image-2025-08-07-at-16.41.21-676x1024.jpeg\" alt=\"\u00c7\u0130\u011eDEM\" loading=\"lazy\" \/>\n                            <button class=\"hp-pf-play\" aria-label=\"\u0130zleme se\u00e7enekleri\" type=\"button\">\n                                <span class=\"hp-pf-icon\" aria-hidden=\"true\"><\/span>\n                            <\/button>\n                            <a class=\"hp-pf-overlay-link\" href=\"https:\/\/www.mutedplatform.org\/tr\/cigdem\/\" aria-label=\"\u00c7\u0130\u011eDEM\"><\/a>\n                            <h3 class=\"hp-card-title\">\u00c7\u0130\u011eDEM<\/h3>\n                        <\/div>\n                    <\/article>\n                                        <article class=\"hp-card\" data-trailer=\"\" data-link=\"https:\/\/www.mutedplatform.org\/tr\/herkes-ozgur-olana-dek\/\">\n                        <div class=\"hp-thumb-wrap\">\n                            <img decoding=\"async\" src=\"https:\/\/www.mutedplatform.org\/wp-content\/uploads\/2025\/08\/Mahrang-Doc-Poster-TR-724x1024.png\" alt=\"HERKES \u00d6ZG\u00dcR OLANA DEK\" loading=\"lazy\" \/>\n                            <button class=\"hp-pf-play\" aria-label=\"\u0130zleme se\u00e7enekleri\" type=\"button\">\n                                <span class=\"hp-pf-icon\" aria-hidden=\"true\"><\/span>\n                            <\/button>\n                            <a class=\"hp-pf-overlay-link\" href=\"https:\/\/www.mutedplatform.org\/tr\/herkes-ozgur-olana-dek\/\" aria-label=\"HERKES \u00d6ZG\u00dcR OLANA DEK\"><\/a>\n                            <h3 class=\"hp-card-title\">HERKES \u00d6ZG\u00dcR OLANA DEK<\/h3>\n                        <\/div>\n                    <\/article>\n                                        <article class=\"hp-card\" data-trailer=\"\" data-link=\"https:\/\/www.mutedplatform.org\/tr\/kayip-detaylar\/\">\n                        <div class=\"hp-thumb-wrap\">\n                            <img decoding=\"async\" src=\"https:\/\/www.mutedplatform.org\/wp-content\/uploads\/2025\/08\/Sinirlarin-Sessizligi-TR-683x1024.png\" alt=\"SINIRLARIN SESSIZLI\u011eI\" loading=\"lazy\" \/>\n                            <button class=\"hp-pf-play\" aria-label=\"\u0130zleme se\u00e7enekleri\" type=\"button\">\n                                <span class=\"hp-pf-icon\" aria-hidden=\"true\"><\/span>\n                            <\/button>\n                            <a class=\"hp-pf-overlay-link\" href=\"https:\/\/www.mutedplatform.org\/tr\/kayip-detaylar\/\" aria-label=\"SINIRLARIN SESSIZLI\u011eI\"><\/a>\n                            <h3 class=\"hp-card-title\">SINIRLARIN SESSIZLI\u011eI<\/h3>\n                        <\/div>\n                    <\/article>\n                    <\/div><\/div><div id=\"hpTabs_d8951426-5157-4455-9208-4b05c0940710_yeni-eklenenler\" class=\"hp-tab-panel\" role=\"tabpanel\" tabindex=\"0\"><div class=\"hp-pf-grid hp-grid-4\">                    <article class=\"hp-card\" data-trailer=\"https:\/\/www.youtube.com\/watch?v=QULWdryZGHc\" data-link=\"https:\/\/www.mutedplatform.org\/tr\/kulyas-2-zikr-i-ayin\/\">\n                        <div class=\"hp-thumb-wrap\">\n                            <img decoding=\"async\" src=\"https:\/\/www.mutedplatform.org\/wp-content\/uploads\/2025\/08\/Pham-Doan-trang-TR-724x1024.png\" alt=\"\u00d6ZG\u00dcRL\u00dc\u011e\u00dcN TUTSA\u011eI\" loading=\"lazy\" \/>\n                            <button class=\"hp-pf-play\" aria-label=\"\u0130zleme se\u00e7enekleri\" type=\"button\">\n                                <span class=\"hp-pf-icon\" aria-hidden=\"true\"><\/span>\n                            <\/button>\n                            <a class=\"hp-pf-overlay-link\" href=\"https:\/\/www.mutedplatform.org\/tr\/kulyas-2-zikr-i-ayin\/\" aria-label=\"\u00d6ZG\u00dcRL\u00dc\u011e\u00dcN TUTSA\u011eI\"><\/a>\n                            <h3 class=\"hp-card-title\">\u00d6ZG\u00dcRL\u00dc\u011e\u00dcN TUTSA\u011eI<\/h3>\n                        <\/div>\n                    <\/article>\n                                        <article class=\"hp-card\" data-trailer=\"\" data-link=\"https:\/\/www.mutedplatform.org\/tr\/herkes-ozgur-olana-dek\/\">\n                        <div class=\"hp-thumb-wrap\">\n                            <img decoding=\"async\" src=\"https:\/\/www.mutedplatform.org\/wp-content\/uploads\/2025\/08\/Mahrang-Doc-Poster-TR-724x1024.png\" alt=\"HERKES \u00d6ZG\u00dcR OLANA DEK\" loading=\"lazy\" \/>\n                            <button class=\"hp-pf-play\" aria-label=\"\u0130zleme se\u00e7enekleri\" type=\"button\">\n                                <span class=\"hp-pf-icon\" aria-hidden=\"true\"><\/span>\n                            <\/button>\n                            <a class=\"hp-pf-overlay-link\" href=\"https:\/\/www.mutedplatform.org\/tr\/herkes-ozgur-olana-dek\/\" aria-label=\"HERKES \u00d6ZG\u00dcR OLANA DEK\"><\/a>\n                            <h3 class=\"hp-card-title\">HERKES \u00d6ZG\u00dcR OLANA DEK<\/h3>\n                        <\/div>\n                    <\/article>\n                                        <article class=\"hp-card\" data-trailer=\"\" data-link=\"https:\/\/www.mutedplatform.org\/tr\/cigdem\/\">\n                        <div class=\"hp-thumb-wrap\">\n                            <img decoding=\"async\" src=\"https:\/\/www.mutedplatform.org\/wp-content\/uploads\/2025\/08\/WhatsApp-Image-2025-08-07-at-16.41.21-676x1024.jpeg\" alt=\"\u00c7\u0130\u011eDEM\" loading=\"lazy\" \/>\n                            <button class=\"hp-pf-play\" aria-label=\"\u0130zleme se\u00e7enekleri\" type=\"button\">\n                                <span class=\"hp-pf-icon\" aria-hidden=\"true\"><\/span>\n                            <\/button>\n                            <a class=\"hp-pf-overlay-link\" href=\"https:\/\/www.mutedplatform.org\/tr\/cigdem\/\" aria-label=\"\u00c7\u0130\u011eDEM\"><\/a>\n                            <h3 class=\"hp-card-title\">\u00c7\u0130\u011eDEM<\/h3>\n                        <\/div>\n                    <\/article>\n                                        <article class=\"hp-card\" data-trailer=\"\" data-link=\"https:\/\/www.mutedplatform.org\/tr\/kayip-detaylar\/\">\n                        <div class=\"hp-thumb-wrap\">\n                            <img decoding=\"async\" src=\"https:\/\/www.mutedplatform.org\/wp-content\/uploads\/2025\/08\/Sinirlarin-Sessizligi-TR-683x1024.png\" alt=\"SINIRLARIN SESSIZLI\u011eI\" loading=\"lazy\" \/>\n                            <button class=\"hp-pf-play\" aria-label=\"\u0130zleme se\u00e7enekleri\" type=\"button\">\n                                <span class=\"hp-pf-icon\" aria-hidden=\"true\"><\/span>\n                            <\/button>\n                            <a class=\"hp-pf-overlay-link\" href=\"https:\/\/www.mutedplatform.org\/tr\/kayip-detaylar\/\" aria-label=\"SINIRLARIN SESSIZLI\u011eI\"><\/a>\n                            <h3 class=\"hp-card-title\">SINIRLARIN SESSIZLI\u011eI<\/h3>\n                        <\/div>\n                    <\/article>\n                    <\/div><\/div><\/div><div class=\"hp-pf-modal\" role=\"dialog\" aria-modal=\"true\" aria-label=\"\u0130zleme\">\n                <div class=\"hp-pf-dialog\">\n                    <button class=\"hp-pf-close\" aria-label=\"Kapat\">&#215;<\/button>\n                    <div class=\"hp-pf-choice\">\n                        <h3 class=\"hp-pf-choice-title\">Ne yapmak istersiniz?<\/h3>\n                        <div class=\"hp-pf-actions\">\n                            <button class=\"hp-pf-action hp-pf-watch-trailer\" type=\"button\">Fragman\u0131 izle<\/button>\n                            <a class=\"hp-pf-action hp-pf-watch-film\" href=\"#\" rel=\"nofollow\">Belgeseli \u0130zle<\/a>\n                        <\/div>\n                    <\/div>\n                    <div class=\"hp-pf-frame-wrap\" style=\"display:none\"><\/div>\n                <\/div>\n              <\/div>\n\n<\/div>\n\t\t\t\t\t\t<\/div>\n\t\t\t\t\t<\/div>\n\t\t\t\t<\/div>\n\t\t<div class=\"elementor-element elementor-element-3570b03 e-flex e-con-boxed e-con e-parent\" data-id=\"3570b03\" data-element_type=\"container\" data-e-type=\"container\">\n\t\t\t\t\t<div class=\"e-con-inner\">\n\t\t\t\t<div class=\"elementor-element elementor-element-d243657 elementor-widget elementor-widget-spacer\" data-id=\"d243657\" data-element_type=\"widget\" data-e-type=\"widget\" data-widget_type=\"spacer.default\">\n\t\t\t\t\t\t\t<div class=\"elementor-spacer\">\n\t\t\t<div class=\"elementor-spacer-inner\"><\/div>\n\t\t<\/div>\n\t\t\t\t\t\t<\/div>\n\t\t\t\t\t<\/div>\n\t\t\t\t<\/div>\n\t\t\t\t<\/div>\n\t\t","protected":false},"excerpt":{"rendered":"<p>Her Film Bir Tan\u0131kl\u0131k Her \u0130zleme Bir Eylem.<\/p>\n","protected":false},"author":1,"featured_media":0,"parent":0,"menu_order":0,"comment_status":"closed","ping_status":"closed","template":"","meta":{"site-sidebar-layout":"no-sidebar","site-content-layout":"","ast-site-content-layout":"full-width-container","site-content-style":"default","site-sidebar-style":"default","ast-global-header-display":"","ast-banner-title-visibility":"","ast-main-header-display":"","ast-hfb-above-header-display":"","ast-hfb-below-header-display":"","ast-hfb-mobile-header-display":"","site-post-title":"disabled","ast-breadcrumbs-content":"","ast-featured-img":"disabled","footer-sml-layout":"","theme-transparent-header-meta":"","adv-header-id-meta":"","stick-header-meta":"","header-above-stick-meta":"","header-main-stick-meta":"","header-below-stick-meta":"","astra-migrate-meta-layouts":"default","ast-page-background-enabled":"default","ast-page-background-meta":{"desktop":{"background-color":"var(--ast-global-color-5)","background-image":"","background-repeat":"repeat","background-position":"center center","background-size":"auto","background-attachment":"scroll","background-type":"","background-media":"","overlay-type":"","overlay-color":"","overlay-opacity":"","overlay-gradient":""},"tablet":{"background-color":"","background-image":"","background-repeat":"repeat","background-position":"center center","background-size":"auto","background-attachment":"scroll","background-type":"","background-media":"","overlay-type":"","overlay-color":"","overlay-opacity":"","overlay-gradient":""},"mobile":{"background-color":"","background-image":"","background-repeat":"repeat","background-position":"center center","background-size":"auto","background-attachment":"scroll","background-type":"","background-media":"","overlay-type":"","overlay-color":"","overlay-opacity":"","overlay-gradient":""}},"ast-content-background-meta":{"desktop":{"background-color":"var(--ast-global-color-4)","background-image":"","background-repeat":"repeat","background-position":"center center","background-size":"auto","background-attachment":"scroll","background-type":"","background-media":"","overlay-type":"","overlay-color":"","overlay-opacity":"","overlay-gradient":""},"tablet":{"background-color":"var(--ast-global-color-4)","background-image":"","background-repeat":"repeat","background-position":"center center","background-size":"auto","background-attachment":"scroll","background-type":"","background-media":"","overlay-type":"","overlay-color":"","overlay-opacity":"","overlay-gradient":""},"mobile":{"background-color":"var(--ast-global-color-4)","background-image":"","background-repeat":"repeat","background-position":"center center","background-size":"auto","background-attachment":"scroll","background-type":"","background-media":"","overlay-type":"","overlay-color":"","overlay-opacity":"","overlay-gradient":""}},"footnotes":""},"class_list":["post-658","page","type-page","status-publish","hentry"],"_links":{"self":[{"href":"https:\/\/www.mutedplatform.org\/tr\/wp-json\/wp\/v2\/pages\/658","targetHints":{"allow":["GET"]}}],"collection":[{"href":"https:\/\/www.mutedplatform.org\/tr\/wp-json\/wp\/v2\/pages"}],"about":[{"href":"https:\/\/www.mutedplatform.org\/tr\/wp-json\/wp\/v2\/types\/page"}],"author":[{"embeddable":true,"href":"https:\/\/www.mutedplatform.org\/tr\/wp-json\/wp\/v2\/users\/1"}],"replies":[{"embeddable":true,"href":"https:\/\/www.mutedplatform.org\/tr\/wp-json\/wp\/v2\/comments?post=658"}],"version-history":[{"count":5,"href":"https:\/\/www.mutedplatform.org\/tr\/wp-json\/wp\/v2\/pages\/658\/revisions"}],"predecessor-version":[{"id":1553,"href":"https:\/\/www.mutedplatform.org\/tr\/wp-json\/wp\/v2\/pages\/658\/revisions\/1553"}],"wp:attachment":[{"href":"https:\/\/www.mutedplatform.org\/tr\/wp-json\/wp\/v2\/media?parent=658"}],"curies":[{"name":"wp","href":"https:\/\/api.w.org\/{rel}","templated":true}]}}